{"id":1268,"date":"2023-08-08T18:06:34","date_gmt":"2023-08-08T18:06:34","guid":{"rendered":"https:\/\/whiteroomcompany.com\/?page_id=1268"},"modified":"2023-08-08T18:14:49","modified_gmt":"2023-08-08T18:14:49","slug":"privacy-policy","status":"publish","type":"page","link":"https:\/\/whiteroomcompany.com\/es\/privacy-policy\/","title":{"rendered":"Aviso de privacidad"},"content":{"rendered":"<div id=\"channels\" class=\"fusion-container-anchor\"><div class=\"fusion-fullwidth fullwidth-box fusion-builder-row-1 nonhundred-percent-fullwidth non-hundred-percent-height-scrolling\" style=\"--awb-border-radius-top-left:0px;--awb-border-radius-top-right:0px;--awb-border-radius-bottom-right:0px;--awb-border-radius-bottom-left:0px;--awb-padding-top:8%;--awb-background-color:#eaeaea;--awb-flex-wrap:wrap;\" ><div class=\"fusion-builder-row fusion-row\"><div class=\"fusion-layout-column fusion_builder_column fusion-builder-column-0 fusion_builder_column_1_1 1_1 fusion-one-full fusion-column-first fusion-column-last fusion-animated\" style=\"--awb-bg-blend:overlay;--awb-bg-size:cover;--awb-margin-bottom:0px;\" data-animationtype=\"fadeInLeft\" data-animationduration=\"0.8\" data-animationoffset=\"top-into-view\"><div class=\"fusion-column-wrapper fusion-flex-column-wrapper-legacy\"><div class=\"fusion-title title fusion-title-1 fusion-sep-none fusion-title-text fusion-title-size-one\" style=\"--awb-text-color:#ffffff;--awb-margin-top:0px;--awb-margin-top-small:10px;--awb-margin-right-small:0px;--awb-margin-bottom-small:10px;--awb-margin-left-small:0px;\"><h1 class=\"fusion-title-heading title-heading-left fusion-responsive-typography-calculated\" style=\"margin:0;--fontSize:60;line-height:1.25;\"><span style=\"color: #000000;\">Aviso de privacidad<\/span><\/h1><\/div><div class=\"fusion-builder-row fusion-builder-row-inner fusion-row\"><div class=\"fusion-layout-column fusion_builder_column_inner fusion-builder-nested-column-0 fusion_builder_column_inner_1_1 1_1 fusion-one-full fusion-column-first fusion-column-last\" style=\"--awb-bg-blend:overlay;--awb-bg-size:cover;--awb-margin-top:5px;--awb-margin-bottom:5px;\"><div class=\"fusion-column-wrapper fusion-flex-column-wrapper-legacy\"><div class=\"fusion-text fusion-text-1\"><p>The White Room Strategy Co. SA de CV, con domicilio en Torre Sof\u00eda. Ave. Ricardo Marg\u00e1in 440, Suite 604. San Pedro Garza Garc\u00eda, Monterrey, N.L. , es el responsable del uso y protecci\u00f3n de sus datos personales, y al respecto le informamos lo siguiente:<\/p>\n<p>Los datos personales que recabamos de usted, los utilizaremos para las siguientes finalidades que son necesarias para el servicio que solicita y facilitan brindarle una mejor atenci\u00f3n:<\/p>\n<p>Identificarlo, generarle un perfil en nuestro sitio web, cotizarle alguno de nuestros servicios, enviarle informaci\u00f3n sobre ellos y contactarle.<\/p>\n<p>Eventualmente, tambi\u00e9n trataremos sus DP(Dato Personal) y DPS(Datos personales) para: agregarle a nuestras listas de contactos y enviarle invitaciones de los nuevos servicios que ofrecen The White Room Strategy Co. SA de CV, as\u00ed mismo, construir su perfil como cliente.<\/p>\n<p>En caso de que no desee que sus datos personales sean tratados para estas multas adicionales, desde este momento usted nos puede comunicar lo anterior, como Titular de sus DP y DPS, podr\u00e1 ejercer sus derechos de Acceso, Rectificaci\u00f3n, Cancelaci\u00f3n y Oposici\u00f3n de los DP que nos ha proporcionado (conocidos como \u201cDerechos ARCO\u201d), enviando su solicitud a la siguiente direcci\u00f3n de correo electr\u00f3nico: info@whiteroomcompany.com en la cual atenderemos las solicitudes que realice en torno al tratamiento de sus DP.<\/p>\n<p>La solicitud de acceso, rectificaci\u00f3n, cancelaci\u00f3n u oposici\u00f3n deber\u00e1 contener y acompa\u00f1ar lo siguiente: su nombre y domicilio o correo electr\u00f3nico para comunicarle nuestra respuesta; los documentos que acreditan su identidad, como titular o, en su caso, la de su representante legal; la descripci\u00f3n clara y precisa de los DP y\/o DPS respecto de los cuales busca ejercer alguno de los derechos antes mencionados; cualquier otro elemento o documento que facilite la localizaci\u00f3n de sus DP; y las modificaciones a realizar en caso de que la solicitud sea para la rectificaci\u00f3n de DP. Una vez que The White Room Strategy Co. SA de CV haya recibido su solicitud debidamente integrada, le comunicar\u00e1 al Titular la determinaci\u00f3n adoptada sobre la misma, en un m\u00e1ximo de 20 (veinte) d\u00edas h\u00e1biles, contados a partir de la fecha en que haya recibido su solicitud. En caso de que su solicitud resulte procedente, se har\u00e1 efectiva dentro de los 15 (quince) d\u00edas h\u00e1biles siguientes a la fecha en que se le comunique su procedencia. Lo anterior en el entendido que, los plazos antes referidos podr\u00e1n ser ampliados en una ocasi\u00f3n, cuando las particularidades del caso as\u00ed lo ameriten, a juicio de The White Room Strategy Co. SA de CV. El desahogo de estos procedimientos no tendr\u00e1 costo para usted.<\/p>\n<p>Asimismo, podr\u00e1 revocar, en cualquier momento, el consentimiento que previamente haya otorgado a The White Room Strategy Co. SA de CV para el tratamiento de sus DP y\/o DPS; as\u00ed como limitar el uso o divulgaci\u00f3n de los mismos, mediante el env\u00edo de un correo electr\u00f3nico a la direcci\u00f3n se\u00f1alada en el p\u00e1rrafo correspondiente al Ejercicio de Derechos \u201cARCO\u201d. Los procedimientos de Revocaci\u00f3n y de Limitaci\u00f3n al Uso o Divulgaci\u00f3n de DP, seguir\u00e1n las mismas reglas que son aplicables para el ejercicio de derechos \u201cARCO\u201d, tomando como base la forma en la cual nos haya otorgado su consentimiento inicial.<\/p>\n<p>En The White Room Strategy Co. SA de CV utilizaremos todos los medios a nuestro alcance para que conozcamos oportunamente este Aviso de Privacidad y pueda, en su caso, emitir su consentimiento u oponerse a alg\u00fan grado de tratamiento de la informaci\u00f3n.<\/p>\n<p>La negativa para el uso de sus datos personales para estas finalidades no podr\u00e1 ser un motivo para que le neguemos los servicios y productos que solicita o contrata con nosotros.<\/p>\n<p>En The White Room Strategy Co. SA de CV nos reservamos el derecho de efectuar, en cualquier momento, modificaciones o actualizaciones a este aviso de privacidad para mejorar la calidad en el tratamiento de sus DP o cuando, por razones de negocio o disposiciones legales, as\u00ed se requiera; publicando en nuestro portal de internet el aviso debidamente actualizado.<\/p>\n<\/div><div class=\"fusion-clearfix\"><\/div><\/div><\/div><\/div><div class=\"fusion-sep-clear\"><\/div><div class=\"fusion-separator fusion-full-width-sep\" style=\"margin-left: auto;margin-right: auto;margin-top:5px;width:100%;\"><\/div><div class=\"fusion-sep-clear\"><\/div><div class=\"fusion-clearfix\"><\/div><\/div><\/div><\/div><\/div><\/div>","protected":false},"excerpt":{"rendered":"","protected":false},"author":2,"featured_media":0,"parent":0,"menu_order":0,"comment_status":"closed","ping_status":"closed","template":"100-width.php","meta":[],"_links":{"self":[{"href":"https:\/\/whiteroomcompany.com\/es\/wp-json\/wp\/v2\/pages\/1268"}],"collection":[{"href":"https:\/\/whiteroomcompany.com\/es\/wp-json\/wp\/v2\/pages"}],"about":[{"href":"https:\/\/whiteroomcompany.com\/es\/wp-json\/wp\/v2\/types\/page"}],"author":[{"embeddable":true,"href":"https:\/\/whiteroomcompany.com\/es\/wp-json\/wp\/v2\/users\/2"}],"replies":[{"embeddable":true,"href":"https:\/\/whiteroomcompany.com\/es\/wp-json\/wp\/v2\/comments?post=1268"}],"version-history":[{"count":4,"href":"https:\/\/whiteroomcompany.com\/es\/wp-json\/wp\/v2\/pages\/1268\/revisions"}],"predecessor-version":[{"id":1272,"href":"https:\/\/whiteroomcompany.com\/es\/wp-json\/wp\/v2\/pages\/1268\/revisions\/1272"}],"wp:attachment":[{"href":"https:\/\/whiteroomcompany.com\/es\/wp-json\/wp\/v2\/media?parent=1268"}],"curies":[{"name":"wp","href":"https:\/\/api.w.org\/{rel}","templated":true}]}}